{"id":13,"date":"2023-05-11T10:29:49","date_gmt":"2023-05-11T10:29:49","guid":{"rendered":"https:\/\/www.naturheilpraxis-chiropraxis.de\/?page_id=13"},"modified":"2023-08-21T08:00:50","modified_gmt":"2023-08-21T08:00:50","slug":"impressum","status":"publish","type":"page","link":"https:\/\/www.naturheilpraxis-chiropraxis.de\/?page_id=13","title":{"rendered":"Impressum"},"content":{"rendered":"\t\t<div data-elementor-type=\"wp-page\" data-elementor-id=\"13\" class=\"elementor elementor-13\" data-elementor-post-type=\"page\">\n\t\t\t\t<div class=\"elementor-element elementor-element-2fb8178 e-flex e-con-boxed e-con e-parent\" data-id=\"2fb8178\" data-element_type=\"container\" data-settings=\"{&quot;background_background&quot;:&quot;classic&quot;}\">\n\t\t\t\t\t<div class=\"e-con-inner\">\n\t\t\t\t<div class=\"elementor-element elementor-element-7f2f149 elementor-widget elementor-widget-heading\" data-id=\"7f2f149\" data-element_type=\"widget\" data-widget_type=\"heading.default\">\n\t\t\t\t<div class=\"elementor-widget-container\">\n\t\t\t\t\t<h2 class=\"elementor-heading-title elementor-size-default\">Impressum<\/h2>\t\t\t\t<\/div>\n\t\t\t\t<\/div>\n\t\t\t\t<div class=\"elementor-element elementor-element-595f0bf elementor-widget elementor-widget-text-editor\" data-id=\"595f0bf\" data-element_type=\"widget\" data-widget_type=\"text-editor.default\">\n\t\t\t\t<div class=\"elementor-widget-container\">\n\t\t\t\t\t\t\t\t\t<h2>Angaben gem\u00e4\u00df \u00a7 5 TMG<\/h2><p>Katja R\u00fcdebusch<br \/>Naturheilpraxis &#8211; Chiropraxis <br \/>Katja R\u00fcdebusch<br \/>Sch\u00fctzenstra\u00dfe 9<br \/>27798 Hude<\/p><h2>\u00a0<\/h2><h2>Kontakt<\/h2><p>Telefon: 04408 80 74 80<br \/>Telefax: 04408 80 74 82<br \/>E-Mail: info@naturheilpraxis-chiropraxis.de<\/p><h2>\u00a0<\/h2><h2>Aufsichtsbeh\u00f6rde<\/h2><p>Gesundheitsamt Oldenburg<br \/>Delmenhorster Stra\u00dfe 6<br \/>27793 Wildeshausen<\/p><p><a href=\"https:\/\/www.oldenburg-kreis.de\/landkreis-und-verwaltung\/kreisverwaltung\/kurzvorstellung-der-aemter\/gesundheitsamt\/\">www.oldenburg-kreis.de\/landkreis-und-verwaltung\/kreisverwaltung\/kurzvorstellung-der-aemter\/gesundheitsamt\/<\/a><\/p><h2>\u00a0<\/h2><h2>Angaben zur Berufs\u00adhaftpflicht\u00adversicherung<\/h2><p><strong>Name und Sitz des Versicherers:<\/strong><br \/>Continentale Sachversicherung AG<br \/>Ruhrallee 92<br \/>44139 Dortmund<\/p><p><strong>Geltungsraum der Versicherung:<\/strong><br \/>Deutschland<\/p><h2>\u00a0<\/h2><h2>Redaktionell verantwortlich<\/h2><p>Katja R\u00fcdebusch<\/p><h2>\u00a0<\/h2><h2>EU-Streitschlichtung<\/h2><p>Die Europ\u00e4ische Kommission stellt eine Plattform zur Online-Streitbeilegung (OS) bereit: <a href=\"https:\/\/ec.europa.eu\/consumers\/odr\/\" target=\"_blank\" rel=\"noopener noreferrer\">https:\/\/ec.europa.eu\/consumers\/odr\/<\/a>.<br \/>Unsere E-Mail-Adresse finden Sie oben im Impressum.<\/p><h2>\u00a0<\/h2><h2>Verbraucher\u00adstreit\u00adbeilegung\/Universal\u00adschlichtungs\u00adstelle<\/h2><p>Wir sind nicht bereit oder verpflichtet, an Streitbeilegungsverfahren vor einer Verbraucherschlichtungsstelle teilzunehmen.<\/p>\t\t\t\t\t\t\t\t<\/div>\n\t\t\t\t<\/div>\n\t\t\t\t<div class=\"elementor-element elementor-element-6bb2fe5 elementor-widget elementor-widget-heading\" data-id=\"6bb2fe5\" data-element_type=\"widget\" data-widget_type=\"heading.default\">\n\t\t\t\t<div class=\"elementor-widget-container\">\n\t\t\t\t\t<h2 class=\"elementor-heading-title elementor-size-default\"><a href=\"https:\/\/www.media73.de\">Webdesign: Media73<\/a><\/h2>\t\t\t\t<\/div>\n\t\t\t\t<\/div>\n\t\t\t\t<div class=\"elementor-element elementor-element-77297af elementor-widget elementor-widget-heading\" data-id=\"77297af\" data-element_type=\"widget\" data-widget_type=\"heading.default\">\n\t\t\t\t<div class=\"elementor-widget-container\">\n\t\t\t\t\t<h2 class=\"elementor-heading-title elementor-size-default\">Bildmaterial: Privat & Adobe Stock<\/h2>\t\t\t\t<\/div>\n\t\t\t\t<\/div>\n\t\t\t\t<div class=\"elementor-element elementor-element-ed9f795 elementor-widget elementor-widget-image\" data-id=\"ed9f795\" data-element_type=\"widget\" data-widget_type=\"image.default\">\n\t\t\t\t<div class=\"elementor-widget-container\">\n\t\t\t\t\t\t\t\t\t\t\t\t\t\t\t<img fetchpriority=\"high\" decoding=\"async\" width=\"800\" height=\"300\" src=\"https:\/\/www.naturheilpraxis-chiropraxis.de\/wp-content\/uploads\/2023\/05\/rz_logo_wlo_2018_rgb-1024x384.png\" class=\"attachment-large size-large wp-image-231\" alt=\"\" srcset=\"https:\/\/www.naturheilpraxis-chiropraxis.de\/wp-content\/uploads\/2023\/05\/rz_logo_wlo_2018_rgb-1024x384.png 1024w, https:\/\/www.naturheilpraxis-chiropraxis.de\/wp-content\/uploads\/2023\/05\/rz_logo_wlo_2018_rgb-300x113.png 300w, https:\/\/www.naturheilpraxis-chiropraxis.de\/wp-content\/uploads\/2023\/05\/rz_logo_wlo_2018_rgb-768x288.png 768w, https:\/\/www.naturheilpraxis-chiropraxis.de\/wp-content\/uploads\/2023\/05\/rz_logo_wlo_2018_rgb-1536x576.png 1536w, https:\/\/www.naturheilpraxis-chiropraxis.de\/wp-content\/uploads\/2023\/05\/rz_logo_wlo_2018_rgb.png 1890w\" sizes=\"(max-width: 800px) 100vw, 800px\" \/>\t\t\t\t\t\t\t\t\t\t\t\t\t\t\t<\/div>\n\t\t\t\t<\/div>\n\t\t\t\t<div class=\"elementor-element elementor-element-917a53e elementor-widget elementor-widget-text-editor\" data-id=\"917a53e\" data-element_type=\"widget\" data-widget_type=\"text-editor.default\">\n\t\t\t\t<div class=\"elementor-widget-container\">\n\t\t\t\t\t\t\t\t\t<p>Diese Website wurde mit Mitteln des Landkreis Oldenburg gef\u00f6rdert &amp; von der WLO unterst\u00fctzt.<\/p>\t\t\t\t\t\t\t\t<\/div>\n\t\t\t\t<\/div>\n\t\t\t\t\t<\/div>\n\t\t\t\t<\/div>\n\t\t\t\t<\/div>\n\t\t","protected":false},"excerpt":{"rendered":"<p>Impressum Angaben gem\u00e4\u00df \u00a7 5 TMG Katja R\u00fcdebuschNaturheilpraxis &#8211; Chiropraxis Katja R\u00fcdebuschSch\u00fctzenstra\u00dfe 927798 Hude \u00a0 Kontakt Telefon: 04408 80 74 80Telefax: 04408 80 74 82E-Mail: info@naturheilpraxis-chiropraxis.de \u00a0 Aufsichtsbeh\u00f6rde Gesundheitsamt OldenburgDelmenhorster Stra\u00dfe 627793 Wildeshausen www.oldenburg-kreis.de\/landkreis-und-verwaltung\/kreisverwaltung\/kurzvorstellung-der-aemter\/gesundheitsamt\/ \u00a0 Angaben zur Berufs\u00adhaftpflicht\u00adversicherung Name und Sitz des Versicherers:Continentale Sachversicherung AGRuhrallee 9244139 Dortmund Geltungsraum der Versicherung:Deutschland \u00a0 Redaktionell verantwortlich Katja R\u00fcdebusch [&hellip;]<\/p>\n","protected":false},"author":1,"featured_media":0,"parent":0,"menu_order":0,"comment_status":"closed","ping_status":"closed","template":"elementor_header_footer","meta":{"footnotes":""},"class_list":["post-13","page","type-page","status-publish","hentry"],"_links":{"self":[{"href":"https:\/\/www.naturheilpraxis-chiropraxis.de\/index.php?rest_route=\/wp\/v2\/pages\/13","targetHints":{"allow":["GET"]}}],"collection":[{"href":"https:\/\/www.naturheilpraxis-chiropraxis.de\/index.php?rest_route=\/wp\/v2\/pages"}],"about":[{"href":"https:\/\/www.naturheilpraxis-chiropraxis.de\/index.php?rest_route=\/wp\/v2\/types\/page"}],"author":[{"embeddable":true,"href":"https:\/\/www.naturheilpraxis-chiropraxis.de\/index.php?rest_route=\/wp\/v2\/users\/1"}],"replies":[{"embeddable":true,"href":"https:\/\/www.naturheilpraxis-chiropraxis.de\/index.php?rest_route=%2Fwp%2Fv2%2Fcomments&post=13"}],"version-history":[{"count":19,"href":"https:\/\/www.naturheilpraxis-chiropraxis.de\/index.php?rest_route=\/wp\/v2\/pages\/13\/revisions"}],"predecessor-version":[{"id":367,"href":"https:\/\/www.naturheilpraxis-chiropraxis.de\/index.php?rest_route=\/wp\/v2\/pages\/13\/revisions\/367"}],"wp:attachment":[{"href":"https:\/\/www.naturheilpraxis-chiropraxis.de\/index.php?rest_route=%2Fwp%2Fv2%2Fmedia&parent=13"}],"curies":[{"name":"wp","href":"https:\/\/api.w.org\/{rel}","templated":true}]}}